{"id":167,"date":"2024-05-12T23:26:10","date_gmt":"2024-05-12T23:26:10","guid":{"rendered":"https:\/\/www.investigare.cl\/?page_id=167"},"modified":"2026-01-24T19:32:45","modified_gmt":"2026-01-24T19:32:45","slug":"contacto","status":"publish","type":"page","link":"https:\/\/www.investigare.cl\/index.php\/contacto\/","title":{"rendered":"CONTACTO"},"content":{"rendered":"<p>[et_pb_section fb_built=\u00bb1&#8243; admin_label=\u00bbHeader\u00bb _builder_version=\u00bb4.25.1&#8243; _module_preset=\u00bbdefault\u00bb use_background_color_gradient=\u00bbon\u00bb background_color_gradient_stops=\u00bb#1e232b 0%|rgba(30,35,43,0.9) 100%\u00bb background_color_gradient_overlays_image=\u00bbon\u00bb background_image=\u00bbhttps:\/\/www.investigare.cl\/wp-content\/uploads\/2024\/06\/0-46345893-0129-430c-a2f2-fa32e2fdb660-800&#215;600.jpg\u00bb background_blend=\u00bbhard-light\u00bb locked=\u00bboff\u00bb collapsed=\u00bbon\u00bb global_colors_info=\u00bb{%22gcid-9fa4a1b6-767d-41ca-984c-a6f10449c843%22:%91%22background_color%22%93}\u00bb][et_pb_row _builder_version=\u00bb4.20.0&#8243; _module_preset=\u00bbdefault\u00bb global_colors_info=\u00bb{}\u00bb][et_pb_column type=\u00bb4_4&#8243; _builder_version=\u00bb4.20.0&#8243; _module_preset=\u00bbdefault\u00bb global_colors_info=\u00bb{}\u00bb][et_pb_text _builder_version=\u00bb4.25.1&#8243; _module_preset=\u00bb201119d7-4d86-454b-8d7f-e2b26c1dffd1&#8243; header_4_text_color=\u00bbgcid-2f3f3e09-0a26-4ea7-8906-5e1128945e3f\u00bb text_orientation=\u00bbcenter\u00bb custom_margin=\u00bb||10px||false|false\u00bb global_colors_info=\u00bb{%22gcid-2f3f3e09-0a26-4ea7-8906-5e1128945e3f%22:%91%22header_4_text_color%22%93}\u00bb]<\/p>\n<h4>Contacto<\/h4>\n<p>[\/et_pb_text][et_pb_image src=\u00bbhttps:\/\/www.investigare.cl\/wp-content\/uploads\/2024\/05\/attorney-1.png\u00bb title_text=\u00bbattorney-1&#8243; _builder_version=\u00bb4.20.0&#8243; _module_preset=\u00bbdefault\u00bb max_width=\u00bb130px\u00bb module_alignment=\u00bbcenter\u00bb global_colors_info=\u00bb{}\u00bb][\/et_pb_image][et_pb_text _builder_version=\u00bb4.27.5&#8243; _module_preset=\u00bb48e29d7b-d6b8-4958-bff2-422d1bd741c4&#8243; text_text_color=\u00bb#FFFFFF\u00bb header_font=\u00bbInter|||on|||||\u00bb header_text_color=\u00bb#FFFFFF\u00bb text_orientation=\u00bbcenter\u00bb global_colors_info=\u00bb{}\u00bb]<\/p>\n<h1>conf\u00eda en nosotros<\/h1>\n<p>[\/et_pb_text][\/et_pb_column][\/et_pb_row][\/et_pb_section][et_pb_section fb_built=\u00bb1&#8243; admin_label=\u00bbAbout\u00bb _builder_version=\u00bb4.25.1&#8243; _module_preset=\u00bbdefault\u00bb background_color=\u00bb#FFFFFF\u00bb custom_margin=\u00bb-64px|||||\u00bb custom_padding=\u00bb1px||12px|||\u00bb collapsed=\u00bbon\u00bb global_colors_info=\u00bb{%22gcid-2f3f3e09-0a26-4ea7-8906-5e1128945e3f%22:%91%22background_color_gradient_stops%22%93}\u00bb][et_pb_row column_structure=\u00bb1_2,1_2&#8243; _builder_version=\u00bb4.20.0&#8243; _module_preset=\u00bbdefault\u00bb global_colors_info=\u00bb{}\u00bb][et_pb_column type=\u00bb1_2&#8243; _builder_version=\u00bb4.20.0&#8243; _module_preset=\u00bbdefault\u00bb custom_padding=\u00bb6vw||||false|false\u00bb custom_padding_tablet=\u00bb0vw||||false|false\u00bb custom_padding_phone=\u00bb0vw||||false|false\u00bb custom_padding_last_edited=\u00bbon|desktop\u00bb global_colors_info=\u00bb{}\u00bb][et_pb_image src=\u00bbhttps:\/\/www.investigare.cl\/wp-content\/uploads\/2025\/05\/480442739_1157101072715459_2874351735644428438_n.jpg\u00bb title_text=\u00bb480442739_1157101072715459_2874351735644428438_n\u00bb _builder_version=\u00bb4.27.4&#8243; _module_preset=\u00bbdefault\u00bb global_colors_info=\u00bb{}\u00bb][\/et_pb_image][\/et_pb_column][et_pb_column type=\u00bb1_2&#8243; _builder_version=\u00bb4.20.0&#8243; _module_preset=\u00bbdefault\u00bb global_colors_info=\u00bb{}\u00bb][et_pb_text _builder_version=\u00bb4.27.5&#8243; _module_preset=\u00bb7ce02ef7-2cd9-4351-ba98-ca90c965d114&#8243; text_font=\u00bbInter||||||||\u00bb text_text_color=\u00bb#000000&#8243; text_font_size=\u00bb17px\u00bb text_font_size_tablet=\u00bb17px\u00bb text_font_size_phone=\u00bb15px\u00bb text_font_size_last_edited=\u00bbon|phone\u00bb global_colors_info=\u00bb{}\u00bb]<\/p>\n<p data-start=\"164\" data-end=\"281\">\u00bfTienes alg\u00fan abogado de confianza que se encargue de administrar tus propiedades, o apoyarte en esas gestiones importantes de tu vida?<br \/>Mi nombre es, Claudia Zila, egresada de Derecho y apasionada por encontrar soluciones pr\u00e1cticas en medio de los desaf\u00edos.<\/p>\n<p data-start=\"283\" data-end=\"695\">Terminar mi carrera de Derecho no ha sido un camino f\u00e1cil, como a muchos les ha pasado en este \u00e1mbito, as\u00ed que he tenido que buscar la forma de avanzar y mantenerme activa profesionalmente mientras completo este proceso. En ese recorrido, descubr\u00ed el Derecho Inmobiliario y Sucesorio, dos \u00e1reas que no solo me entusiasman, sino que tambi\u00e9n me han abierto oportunidades concretas para crecer y ayudar a otros.<\/p>\n<p data-start=\"697\" data-end=\"915\">Hoy me dedico a ofrecer servicios de investigaci\u00f3n inmobiliaria y a compartir mis conocimientos, especialmente pensando en personas que no saben de derecho y que necesitan comprender mejor el marco legal que los rodea.<\/p>\n<p data-start=\"917\" data-end=\"993\">Trabajo junto a un grupo de abogados que son mis aliados en este camino.<\/p>\n<p data-start=\"995\" data-end=\"1228\">Mi objetivo es contribuir al conocimiento de esta \u00e1rea del derecho <strong data-start=\"1062\" data-end=\"1081\">en los chilenos<\/strong>, y aportar claridad, herramientas \u00fatiles, y ser una profesional que d\u00e9 soluciones ver\u00eddicas a sus preguntas y a las gestiones que me encargan.<\/p>\n<p data-start=\"1230\" data-end=\"1335\">Porque investigar est\u00e1 en mi ADN.<br data-start=\"1267\" data-end=\"1270\" \/><strong data-start=\"1270\" data-end=\"1335\">\u201cVER LO QUE TODOS HAN VISTO, PENSAR LO QUE NADIE HA PENSADO\u201d.<\/strong><\/p>\n<p>[\/et_pb_text][\/et_pb_column][\/et_pb_row][\/et_pb_section][et_pb_section fb_built=\u00bb1&#8243; fullwidth=\u00bbon\u00bb theme_builder_area=\u00bbpost_content\u00bb _builder_version=\u00bb4.27.5&#8243; _module_preset=\u00bbdefault\u00bb][\/et_pb_section][et_pb_section fb_built=\u00bb1&#8243; admin_label=\u00bbFooter\u00bb _builder_version=\u00bb4.27.5&#8243; _module_preset=\u00bbdefault\u00bb background_color=\u00bbRGBA(255,255,255,0)\u00bb use_background_color_gradient=\u00bbon\u00bb background_color_gradient_stops=\u00bb#1e232b 0%|rgba(30,35,43,0.9) 21%\u00bb background_image=\u00bbhttps:\/\/www.investigare.cl\/wp-content\/uploads\/2026\/01\/ai-49c.jpg\u00bb custom_padding=\u00bb11px|||||\u00bb saved_tabs=\u00bball\u00bb locked=\u00bboff\u00bb collapsed=\u00bbon\u00bb global_colors_info=\u00bb{}\u00bb][et_pb_row column_structure=\u00bb1_3,1_3,1_3&#8243; _builder_version=\u00bb4.20.0&#8243; _module_preset=\u00bbdefault\u00bb min_height=\u00bb322.8px\u00bb custom_margin=\u00bb-1px|auto||auto||\u00bb custom_padding=\u00bb24px|||||\u00bb global_colors_info=\u00bb{}\u00bb][et_pb_column type=\u00bb1_3&#8243; _builder_version=\u00bb4.20.0&#8243; _module_preset=\u00bbdefault\u00bb global_colors_info=\u00bb{}\u00bb][\/et_pb_column][et_pb_column type=\u00bb1_3&#8243; _builder_version=\u00bb4.20.0&#8243; _module_preset=\u00bbdefault\u00bb global_colors_info=\u00bb{}\u00bb][et_pb_image src=\u00bbhttps:\/\/www.investigare.cl\/wp-content\/uploads\/2024\/05\/LOGO-INVESTIGARE.png\u00bb title_text=\u00bbLOGO-INVESTIGARE\u00bb align=\u00bbcenter\u00bb _builder_version=\u00bb4.23.4&#8243; _module_preset=\u00bbdefault\u00bb max_height=\u00bb80px\u00bb global_colors_info=\u00bb{}\u00bb][\/et_pb_image][et_pb_text _builder_version=\u00bb4.23.4&#8243; _module_preset=\u00bbf1b91268-7f14-4d51-a288-f90e3e31163a\u00bb header_4_text_color=\u00bbgcid-2f3f3e09-0a26-4ea7-8906-5e1128945e3f\u00bb text_orientation=\u00bbcenter\u00bb custom_margin=\u00bb||5px|||\u00bb global_colors_info=\u00bb{%22gcid-2f3f3e09-0a26-4ea7-8906-5e1128945e3f%22:%91%22header_4_text_color%22%93}\u00bb]<\/p>\n<h4>INVESTIGARE<\/h4>\n<p>[\/et_pb_text][et_pb_text _builder_version=\u00bb4.23.4&#8243; _module_preset=\u00bb7ce02ef7-2cd9-4351-ba98-ca90c965d114&#8243; text_text_color=\u00bbgcid-2f3f3e09-0a26-4ea7-8906-5e1128945e3f\u00bb link_text_color=\u00bb#FFFFFF\u00bb text_orientation=\u00bbcenter\u00bb custom_margin=\u00bb||10px||false|false\u00bb locked=\u00bboff\u00bb global_colors_info=\u00bb{%22gcid-2f3f3e09-0a26-4ea7-8906-5e1128945e3f%22:%91%22text_text_color%22%93}\u00bb]<\/p>\n<p>(+569) 71001176<\/p>\n<p>[\/et_pb_text][et_pb_text _builder_version=\u00bb4.23.4&#8243; _module_preset=\u00bb7ce02ef7-2cd9-4351-ba98-ca90c965d114&#8243; text_text_color=\u00bbgcid-2f3f3e09-0a26-4ea7-8906-5e1128945e3f\u00bb link_text_color=\u00bb#FFFFFF\u00bb text_orientation=\u00bbcenter\u00bb custom_margin=\u00bb||10px||false|false\u00bb locked=\u00bboff\u00bb global_colors_info=\u00bb{%22gcid-2f3f3e09-0a26-4ea7-8906-5e1128945e3f%22:%91%22text_text_color%22%93}\u00bb]<\/p>\n<p>contacto@investigare.cl<\/p>\n<p>[\/et_pb_text][et_pb_text _builder_version=\u00bb4.23.4&#8243; _module_preset=\u00bb7ce02ef7-2cd9-4351-ba98-ca90c965d114&#8243; text_text_color=\u00bbgcid-2f3f3e09-0a26-4ea7-8906-5e1128945e3f\u00bb link_text_color=\u00bb#FFFFFF\u00bb text_orientation=\u00bbcenter\u00bb locked=\u00bboff\u00bb global_colors_info=\u00bb{%22gcid-2f3f3e09-0a26-4ea7-8906-5e1128945e3f%22:%91%22text_text_color%22%93}\u00bb]<\/p>\n<p>Santiago, Chile.<\/p>\n<p>[\/et_pb_text][\/et_pb_column][et_pb_column type=\u00bb1_3&#8243; _builder_version=\u00bb4.20.0&#8243; _module_preset=\u00bbdefault\u00bb global_colors_info=\u00bb{}\u00bb][et_pb_text _builder_version=\u00bb4.23.4&#8243; _module_preset=\u00bbf1b91268-7f14-4d51-a288-f90e3e31163a\u00bb text_text_color=\u00bbgcid-2f3f3e09-0a26-4ea7-8906-5e1128945e3f\u00bb header_4_text_color=\u00bbgcid-2f3f3e09-0a26-4ea7-8906-5e1128945e3f\u00bb text_orientation=\u00bbcenter\u00bb locked=\u00bboff\u00bb global_colors_info=\u00bb{%22gcid-2f3f3e09-0a26-4ea7-8906-5e1128945e3f%22:%91%22text_text_color%22,%22header_4_text_color%22%93}\u00bb][\/et_pb_text][\/et_pb_column][\/et_pb_row][et_pb_row _builder_version=\u00bb4.20.0&#8243; _module_preset=\u00bbdefault\u00bb custom_padding=\u00bb0px||0px||true|\u00bb global_colors_info=\u00bb{}\u00bb][et_pb_column type=\u00bb4_4&#8243; _builder_version=\u00bb4.20.0&#8243; _module_preset=\u00bbdefault\u00bb global_colors_info=\u00bb{}\u00bb][et_pb_social_media_follow icon_color=\u00bb#000000&#8243; _builder_version=\u00bb4.23.4&#8243; _module_preset=\u00bbdefault\u00bb text_orientation=\u00bbcenter\u00bb custom_margin=\u00bb||||false|false\u00bb border_radii=\u00bbon|100px|100px|100px|100px\u00bb locked=\u00bboff\u00bb global_colors_info=\u00bb{}\u00bb][et_pb_social_media_follow_network social_network=\u00bbinstagram\u00bb url=\u00bbhttp:\/\/WWW.INSTAGRAM.COM\/INVESTIGARECL\u00bb _builder_version=\u00bb4.23.4&#8243; _module_preset=\u00bbdefault\u00bb background_color=\u00bbgcid-2f3f3e09-0a26-4ea7-8906-5e1128945e3f\u00bb background_enable_color=\u00bbon\u00bb custom_padding=\u00bb8px|8px|8px|8px|true|true\u00bb global_colors_info=\u00bb{%22gcid-2f3f3e09-0a26-4ea7-8906-5e1128945e3f%22:%91%22background_color%22%93}\u00bb follow_button=\u00bboff\u00bb url_new_window=\u00bbon\u00bb]instagram[\/et_pb_social_media_follow_network][\/et_pb_social_media_follow][et_pb_divider color=\u00bbgcid-a4405f6c-a1ea-4782-80a8-25c182da384f\u00bb _builder_version=\u00bb4.23.4&#8243; _module_preset=\u00bbdefault\u00bb custom_margin=\u00bb||0px||false|false\u00bb global_colors_info=\u00bb{%22gcid-a4405f6c-a1ea-4782-80a8-25c182da384f%22:%91%22color%22%93}\u00bb][\/et_pb_divider][et_pb_text _builder_version=\u00bb4.25.1&#8243; _dynamic_attributes=\u00bbcontent\u00bb _module_preset=\u00bbcef7f886-fd52-487d-add7-59fc716ae336&#8243; text_text_color=\u00bbgcid-2f3f3e09-0a26-4ea7-8906-5e1128945e3f\u00bb text_orientation=\u00bbcenter\u00bb locked=\u00bboff\u00bb global_colors_info=\u00bb{%22gcid-2f3f3e09-0a26-4ea7-8906-5e1128945e3f%22:%91%22text_text_color%22%93}\u00bb]@ET-DC@eyJkeW5hbWljIjp0cnVlLCJjb250ZW50IjoiY3VycmVudF9kYXRlIiwic2V0dGluZ3MiOnsiYmVmb3JlIjoiVkVSIExPIFFVRSBUT0RPUyBIQU4gVklTVE8sIFBFTlNBUiBMTyBRVUUgTkFESUUgSEEgUEVOU0FETy4gIiwiYWZ0ZXIiOiIiLCJkYXRlX2Zvcm1hdCI6ImN1c3RvbSIsImN1c3RvbV9kYXRlX2Zvcm1hdCI6IlkifX0=@[\/et_pb_text][\/et_pb_column][\/et_pb_row][\/et_pb_section]<\/p>\n","protected":false},"excerpt":{"rendered":"<p>Contactoconf\u00eda en nosotros\u00bfTienes alg\u00fan abogado de confianza que se encargue de administrar tus propiedades, o apoyarte en esas gestiones importantes de tu vida?Mi nombre es, Claudia Zila, egresada de Derecho y apasionada por encontrar soluciones pr\u00e1cticas en medio de los desaf\u00edos. Terminar mi carrera de Derecho no ha sido un camino f\u00e1cil, como a muchos [&hellip;]<\/p>\n","protected":false},"author":1,"featured_media":0,"parent":0,"menu_order":0,"comment_status":"closed","ping_status":"closed","template":"","meta":{"_et_pb_use_builder":"on","_et_pb_old_content":"","_et_gb_content_width":"","footnotes":""},"class_list":["post-167","page","type-page","status-publish","hentry"],"_links":{"self":[{"href":"https:\/\/www.investigare.cl\/index.php\/wp-json\/wp\/v2\/pages\/167","targetHints":{"allow":["GET"]}}],"collection":[{"href":"https:\/\/www.investigare.cl\/index.php\/wp-json\/wp\/v2\/pages"}],"about":[{"href":"https:\/\/www.investigare.cl\/index.php\/wp-json\/wp\/v2\/types\/page"}],"author":[{"embeddable":true,"href":"https:\/\/www.investigare.cl\/index.php\/wp-json\/wp\/v2\/users\/1"}],"replies":[{"embeddable":true,"href":"https:\/\/www.investigare.cl\/index.php\/wp-json\/wp\/v2\/comments?post=167"}],"version-history":[{"count":12,"href":"https:\/\/www.investigare.cl\/index.php\/wp-json\/wp\/v2\/pages\/167\/revisions"}],"predecessor-version":[{"id":457,"href":"https:\/\/www.investigare.cl\/index.php\/wp-json\/wp\/v2\/pages\/167\/revisions\/457"}],"wp:attachment":[{"href":"https:\/\/www.investigare.cl\/index.php\/wp-json\/wp\/v2\/media?parent=167"}],"curies":[{"name":"wp","href":"https:\/\/api.w.org\/{rel}","templated":true}]}}